{"id":87682,"date":"2023-07-20T12:08:24","date_gmt":"2023-07-20T12:08:24","guid":{"rendered":"https:\/\/socolo.es\/?page_id=87682"},"modified":"2023-07-20T12:26:39","modified_gmt":"2023-07-20T12:26:39","slug":"politica-de-calidad","status":"publish","type":"page","link":"https:\/\/socolo.es\/?page_id=87682","title":{"rendered":"Pol\u00edtica de calidad"},"content":{"rendered":"\t\t<div data-elementor-type=\"wp-page\" data-elementor-id=\"87682\" class=\"elementor elementor-87682\" data-elementor-post-type=\"page\">\n\t\t\t\t\t\t<section class=\"elementor-section elementor-top-section elementor-element elementor-element-0f641c7 elementor-section-boxed elementor-section-height-default elementor-section-height-default\" data-id=\"0f641c7\" data-element_type=\"section\">\n\t\t\t\t\t\t<div class=\"elementor-container elementor-column-gap-default\">\n\t\t\t\t\t<div class=\"elementor-column elementor-col-100 elementor-top-column elementor-element elementor-element-5b9c0a4\" data-id=\"5b9c0a4\" data-element_type=\"column\">\n\t\t\t<div class=\"elementor-widget-wrap elementor-element-populated\">\n\t\t\t\t\t\t<div class=\"elementor-element elementor-element-d4a39f1 elementor-drop-cap-yes elementor-drop-cap-view-default elementor-widget elementor-widget-text-editor\" data-id=\"d4a39f1\" data-element_type=\"widget\" data-settings=\"{&quot;drop_cap&quot;:&quot;yes&quot;}\" data-widget_type=\"text-editor.default\">\n\t\t\t\t<div class=\"elementor-widget-container\">\n\t\t\t\t\t\t\t<p><span style=\"font-family: Century Gothic, serif;\"><span style=\"font-size: 10pt;\"><b>SOCOLO TRUCKS SL.<\/b><\/span><\/span><span style=\"font-family: Century Gothic, serif;\"><span style=\"font-size: 10pt;\"> es una empresa dedicada al:<\/span><\/span><\/p><ul><li><span style=\"font-family: Century Gothic, serif;\"><span style=\"font-size: 10pt;\"><b>Transporte nacional e internacional por carretera de mercancias convencionales, peligrosas (excepto infecciosas, explosivas y radiactivas)y perecederas.<\/b><\/span><\/span><\/li><li><span style=\"font-family: Century Gothic, serif;\"><span style=\"font-size: 10pt;\"><b>Transporte nacional e internacional con control de temperatura.<\/b><\/span><\/span><\/li><li><span style=\"font-family: Century Gothic, serif;\"><span style=\"font-size: 10pt;\"><b>Transporte de residuos no peligrosos seg\u00fan codigo de transportista T-5894 (NIMA 0800640840).<\/b><\/span><\/span><\/li><li><span style=\"font-family: Century Gothic, serif;\"><span style=\"font-size: 10pt;\"><b>Transporte de subproductos de origen animal seg\u00fan c\u00f3digo SANDACH, ESP08703323. <\/b><\/span><\/span><\/li><\/ul><p><span style=\"font-family: Century Gothic, serif;\"><span style=\"font-size: 10pt;\"><b>SOCOLO TRUCKS, S.L.<\/b><\/span><\/span><span style=\"font-family: Century Gothic, serif;\"><span style=\"font-size: 10pt;\"> apuesta por el <\/span><\/span><span style=\"font-family: Century Gothic, serif;\"><span style=\"font-size: 10pt;\"><b>crecimeinto sostenible y viable<\/b><\/span><\/span><span style=\"font-family: Century Gothic, serif;\"><span style=\"font-size: 10pt;\"> para convertirse en una <\/span><\/span><span style=\"font-family: Century Gothic, serif;\"><span style=\"font-size: 10pt;\"><b>empresa referente<\/b><\/span><\/span><span style=\"font-family: Century Gothic, serif;\"><span style=\"font-size: 10pt;\"> en la <\/span><\/span><span style=\"font-family: Century Gothic, serif;\"><span style=\"font-size: 10pt;\"><b>calidad de servicio del servicio prestado, \u00e9ticamente responsable<\/b><\/span><\/span><span style=\"font-family: Century Gothic, serif;\"><span style=\"font-size: 10pt;\"> y <\/span><\/span><span style=\"font-family: Century Gothic, serif;\"><span style=\"font-size: 10pt;\"><b>profesional<\/b><\/span><\/span><span style=\"font-family: Century Gothic, serif;\"><span style=\"font-size: 10pt;\"> en el <\/span><\/span><span style=\"font-family: Century Gothic, serif;\"><span style=\"font-size: 10pt;\"><b>sector del transporte de mercanc\u00edas<\/b><\/span><\/span><span style=\"font-family: Century Gothic, serif;\"><span style=\"font-size: 10pt;\">.<\/span><\/span><\/p><p><span style=\"font-family: Century Gothic, serif;\"><span style=\"font-size: 10pt;\"><b>Nuestros valores<\/b><\/span><\/span><span style=\"font-family: Century Gothic, serif;\"><span style=\"font-size: 10pt;\"> son la <\/span><\/span><span style=\"font-family: Century Gothic, serif;\"><span style=\"font-size: 10pt;\"><b>honestidad<\/b><\/span><\/span><span style=\"font-family: Century Gothic, serif;\"><span style=\"font-size: 10pt;\">, el <\/span><\/span><span style=\"font-family: Century Gothic, serif;\"><span style=\"font-size: 10pt;\"><b>respeto<\/b><\/span><\/span><span style=\"font-family: Century Gothic, serif;\"><span style=\"font-size: 10pt;\">, la <\/span><\/span><span style=\"font-family: Century Gothic, serif;\"><span style=\"font-size: 10pt;\"><b>responsabilidad<\/b><\/span><\/span><span style=\"font-family: Century Gothic, serif;\"><span style=\"font-size: 10pt;\"> y la <\/span><\/span><span style=\"font-family: Century Gothic, serif;\"><span style=\"font-size: 10pt;\"><b>visi\u00f3n de equipo<\/b><\/span><\/span><span style=\"font-family: Century Gothic, serif;\"><span style=\"font-size: 10pt;\">.<\/span><\/span><\/p><p><span style=\"font-family: Century Gothic, serif;\"><span style=\"font-size: 10pt;\"><b>Nuestra filosof\u00eda de servicio<\/b><\/span><\/span><span style=\"font-family: Century Gothic, serif;\"><span style=\"font-size: 10pt;\"> se basa en <\/span><\/span><span style=\"font-family: Century Gothic, serif;\"><span style=\"font-size: 10pt;\"><b>mejorar nuestras estrategias<\/b><\/span><\/span><span style=\"font-family: Century Gothic, serif;\"><span style=\"font-size: 10pt;\"> para la <\/span><\/span><span style=\"font-family: Century Gothic, serif;\"><span style=\"font-size: 10pt;\"><b>optimizaci\u00f3n constante de todos los procesos<\/b><\/span><\/span><span style=\"font-family: Century Gothic, serif;\"><span style=\"font-size: 10pt;\"> y <\/span><\/span><span style=\"font-family: Century Gothic, serif;\"><span style=\"font-size: 10pt;\"><b>garantizar la m\u00e1xima Calidad y Servicio<\/b><\/span><\/span><span style=\"font-family: Century Gothic, serif;\"><span style=\"font-size: 10pt;\"> a nuestros Clientes.<\/span><\/span><\/p><p><span style=\"font-family: Century Gothic, serif;\"><span style=\"font-size: 10pt;\">El <\/span><\/span><span style=\"font-family: Century Gothic, serif;\"><span style=\"font-size: 10pt;\"><b>objetivo de la Pol\u00edtica de Calidad<\/b><\/span><\/span><span style=\"font-family: Century Gothic, serif;\"><span style=\"font-size: 10pt;\"> de nuestra empresa es consolidar esta realidad en el marco de la <\/span><\/span><span style=\"font-family: Century Gothic, serif;\"><span style=\"font-size: 10pt;\"><b>mejora continua<\/b><\/span><\/span><span style=\"font-family: Century Gothic, serif;\"><span style=\"font-size: 10pt;\">. <\/span><\/span><\/p><p><span style=\"font-family: Century Gothic, serif;\"><span style=\"font-size: 10pt;\">Por todo ello, en <\/span><\/span><span style=\"font-family: Century Gothic, serif;\"><span style=\"font-size: 10pt;\"><b>SOCOLO TRUCKS SL.<\/b><\/span><\/span><span style=\"font-family: Century Gothic, serif;\"><span style=\"font-size: 10pt;\">, establecemos esta <\/span><\/span><span style=\"font-family: Century Gothic, serif;\"><span style=\"font-size: 10pt;\"><b>Politica comprometiendonos a<\/b><\/span><\/span><span style=\"font-family: Century Gothic, serif;\"><span style=\"font-size: 10pt;\">:<\/span><\/span><\/p><ul><li><span style=\"font-family: Century Gothic, serif;\"><span style=\"font-size: 10pt;\">Que sea <\/span><\/span><span style=\"font-family: Century Gothic, serif;\"><span style=\"font-size: 10pt;\"><b>apropiada al prop\u00f3sito y contexto de la organizaci\u00f3n<\/b><\/span><\/span><span style=\"font-family: Century Gothic, serif;\"><span style=\"font-size: 10pt;\"> y <\/span><\/span><span style=\"font-family: Century Gothic, serif;\"><span style=\"font-size: 10pt;\"><b>apoye su direcci\u00f3n estrat\u00e9gica<\/b><\/span><\/span><span style=\"font-family: Century Gothic, serif;\"><span style=\"font-size: 10pt;\">.<\/span><\/span><\/li><li><span style=\"font-family: Century Gothic, serif;\"><span style=\"font-size: 10pt;\">Que <\/span><\/span><span style=\"font-family: Century Gothic, serif;\"><span style=\"font-size: 10pt;\"><b>proporcione un marco de referencia<\/b><\/span><\/span><span style=\"font-family: Century Gothic, serif;\"><span style=\"font-size: 10pt;\"> para el <\/span><\/span><span style=\"font-family: Century Gothic, serif;\"><span style=\"font-size: 10pt;\"><b>establecimiento de los objetivos de la calidad<\/b><\/span><\/span><span style=\"font-family: Century Gothic, serif;\"><span style=\"font-size: 10pt;\"> establecidos en nuestra empresa.<\/span><\/span><\/li><li><span style=\"font-family: Century Gothic, serif;\"><span style=\"font-size: 10pt;\">Que <\/span><\/span><span style=\"font-family: Century Gothic, serif;\"><span style=\"font-size: 10pt;\"><b>asegure el cumplimiento de los requisitos legales de aplicaci\u00f3n<\/b><\/span><\/span><span style=\"font-family: Century Gothic, serif;\"><span style=\"font-size: 10pt;\">, as\u00ed como cualquier otro requisito que la organizaci\u00f3n suscriba.<\/span><\/span><\/li><li><span style=\"font-family: Century Gothic, serif;\"><span style=\"font-size: 10pt;\">Que <\/span><\/span><span style=\"font-family: Century Gothic, serif;\"><span style=\"font-size: 10pt;\"><b>promueva la mejora continua de nuestro Sistema de Gesti\u00f3n de la Calidad<\/b><\/span><\/span><span style=\"font-family: Century Gothic, serif;\"><span style=\"font-size: 10pt;\"> y de los servicios que prestamos para <\/span><\/span><span style=\"font-family: Century Gothic, serif;\"><span style=\"font-size: 10pt;\"><b>garantizar su excelencia<\/b><\/span><\/span><span style=\"font-family: Century Gothic, serif;\"><span style=\"font-size: 10pt;\">, implicando a todo nuestro equipo humano.<\/span><\/span><\/li><li><span style=\"font-family: Century Gothic, serif;\"><span style=\"font-size: 10pt;\">Que <\/span><\/span><span style=\"font-family: Century Gothic, serif;\"><span style=\"font-size: 10pt;\"><b>satisfaga las necesidades de nuestros clientes<\/b><\/span><\/span><span style=\"font-family: Century Gothic, serif;\"><span style=\"font-size: 10pt;\">.<\/span><\/span><\/li><li><span style=\"font-family: Century Gothic, serif;\"><span style=\"font-size: 10pt;\">Que <\/span><\/span><span style=\"font-family: Century Gothic, serif;\"><span style=\"font-size: 10pt;\"><b>asegure la formaci\u00f3n continua de todo el personal<\/b><\/span><\/span><span style=\"font-family: Century Gothic, serif;\"><span style=\"font-size: 10pt;\"> que forma parte de nuestro equipo.<\/span><\/span><\/li><\/ul><p>\u00a0<\/p><p><span style=\"font-family: Century Gothic, serif;\"><span style=\"font-size: 10pt;\">En consecuencia, para asegurar que esta <\/span><\/span><span style=\"font-family: Century Gothic, serif;\"><span style=\"font-size: 10pt;\"><b>Pol\u00edtica de Calidad<\/b><\/span><\/span><span style=\"font-family: Century Gothic, serif;\"><span style=\"font-size: 10pt;\"> es conocida y se cumple, la Direcci\u00f3n se compromete a comunicarla a las <\/span><\/span><span style=\"font-family: Century Gothic, serif;\"><span style=\"font-size: 10pt;\"><b>partes interesadas<\/b><\/span><\/span><span style=\"font-family: Century Gothic, serif;\"><span style=\"font-size: 10pt;\">.<\/span><\/span><\/p>\t\t\t\t\t\t<\/div>\n\t\t\t\t<\/div>\n\t\t\t\t\t<\/div>\n\t\t<\/div>\n\t\t\t\t\t<\/div>\n\t\t<\/section>\n\t\t\t\t<\/div>\n\t\t","protected":false},"excerpt":{"rendered":"<p>SOCOLO TRUCKS SL. es una empresa dedicada al: Transporte nacional e internacional por carretera de mercancias convencionales, peligrosas (excepto infecciosas, explosivas y radiactivas)y perecederas. Transporte nacional e internacional con control de temperatura. Transporte de residuos no peligrosos seg\u00fan codigo de transportista T-5894 (NIMA 0800640840). Transporte de subproductos de origen animal seg\u00fan c\u00f3digo SANDACH, ESP08703323. SOCOLO&hellip;<\/p>\n","protected":false},"author":1,"featured_media":0,"parent":0,"menu_order":0,"comment_status":"closed","ping_status":"closed","template":"","meta":{"footnotes":""},"class_list":["post-87682","page","type-page","status-publish","hentry"],"_links":{"self":[{"href":"https:\/\/socolo.es\/index.php?rest_route=\/wp\/v2\/pages\/87682","targetHints":{"allow":["GET"]}}],"collection":[{"href":"https:\/\/socolo.es\/index.php?rest_route=\/wp\/v2\/pages"}],"about":[{"href":"https:\/\/socolo.es\/index.php?rest_route=\/wp\/v2\/types\/page"}],"author":[{"embeddable":true,"href":"https:\/\/socolo.es\/index.php?rest_route=\/wp\/v2\/users\/1"}],"replies":[{"embeddable":true,"href":"https:\/\/socolo.es\/index.php?rest_route=%2Fwp%2Fv2%2Fcomments&post=87682"}],"version-history":[{"count":7,"href":"https:\/\/socolo.es\/index.php?rest_route=\/wp\/v2\/pages\/87682\/revisions"}],"predecessor-version":[{"id":87697,"href":"https:\/\/socolo.es\/index.php?rest_route=\/wp\/v2\/pages\/87682\/revisions\/87697"}],"wp:attachment":[{"href":"https:\/\/socolo.es\/index.php?rest_route=%2Fwp%2Fv2%2Fmedia&parent=87682"}],"curies":[{"name":"wp","href":"https:\/\/api.w.org\/{rel}","templated":true}]}}